{"id":7,"date":"2023-10-23T19:37:27","date_gmt":"2023-10-23T17:37:27","guid":{"rendered":"https:\/\/www.ihakeramik.se\/?page_id=7"},"modified":"2023-12-06T13:41:14","modified_gmt":"2023-12-06T12:41:14","slug":"7-2","status":"publish","type":"page","link":"https:\/\/www.ihakeramik.se\/","title":{"rendered":"iHa Keramik"},"content":{"rendered":"\n<p class=\"has-text-align-center\"><mark style=\"background-color:rgba(0, 0, 0, 0)\" class=\"has-inline-color has-black-color\">Unika keramikskapelser gjorda med k\u00e4rlek och omsorg i varje detalj. <\/mark><br><mark style=\"background-color:rgba(0, 0, 0, 0)\" class=\"has-inline-color has-black-color\">Bruksf\u00f6rem\u00e5l och skulpturer \u00e4r alla ett uttryck av gl\u00e4dje f\u00f6r lerans m\u00f6jligheter. <\/mark><br><mark style=\"background-color:rgba(0, 0, 0, 0)\" class=\"has-inline-color has-black-color\">Uppt\u00e4ck det personliga i varje alster och l\u00e5t dig inspireras att inf\u00f6rliva keramiken i ditt vardagsliv.<\/mark><\/p>\n\n\n\n<p class=\"has-text-align-center\"><mark style=\"background-color:rgba(0, 0, 0, 0)\" class=\"has-inline-color has-black-color\">Upplev det tidl\u00f6sa hantverket som ger ditt hem och hj\u00e4rta n\u00e5tt alldeles extra.<\/mark><\/p>\n\n\n<div class=\"wp-block-image\">\n<figure class=\"aligncenter size-full is-resized\"><img loading=\"lazy\" decoding=\"async\" width=\"1024\" height=\"576\" src=\"https:\/\/www.ihakeramik.se\/wp-content\/uploads\/2023\/12\/Tomar-granar-1-edited.jpg\" alt=\"\" class=\"wp-image-255\" style=\"aspect-ratio:1.7777777777777777;width:855px;height:auto\" srcset=\"https:\/\/www.ihakeramik.se\/wp-content\/uploads\/2023\/12\/Tomar-granar-1-edited.jpg 1024w, https:\/\/www.ihakeramik.se\/wp-content\/uploads\/2023\/12\/Tomar-granar-1-edited-300x169.jpg 300w, https:\/\/www.ihakeramik.se\/wp-content\/uploads\/2023\/12\/Tomar-granar-1-edited-768x432.jpg 768w\" sizes=\"(max-width: 1024px) 100vw, 1024px\" \/><\/figure><\/div>\n\n\n<p class=\"has-text-align-center\"><mark style=\"background-color:rgba(0, 0, 0, 0)\" class=\"has-inline-color has-vivid-cyan-blue-color\"><strong>V\u00e4lkommen till iHa Keramik och att <\/strong><\/mark><br><mark style=\"background-color:rgba(0, 0, 0, 0)\" class=\"has-inline-color has-vivid-cyan-blue-color\"><strong>utforska och hitta keramiken f\u00f6r just dig!<\/strong><\/mark><\/p>\n","protected":false},"excerpt":{"rendered":"<p>Unika keramikskapelser gjorda med k\u00e4rlek och omsorg i varje detalj. Bruksf\u00f6rem\u00e5l och skulpturer \u00e4r alla ett uttryck av gl\u00e4dje f\u00f6r lerans m\u00f6jligheter. Uppt\u00e4ck det personliga i varje alster och l\u00e5t dig inspireras att inf\u00f6rliva keramiken i ditt vardagsliv. Upplev det tidl\u00f6sa hantverket som ger ditt hem och hj\u00e4rta n\u00e5tt alldeles extra. V\u00e4lkommen till iHa Keramik [&hellip;]<\/p>\n","protected":false},"author":1,"featured_media":0,"parent":0,"menu_order":0,"comment_status":"closed","ping_status":"closed","template":"","meta":{"_uf_show_specific_survey":0,"_uf_disable_surveys":false,"footnotes":""},"aioseo_notices":[],"_links":{"self":[{"href":"https:\/\/www.ihakeramik.se\/index.php?rest_route=\/wp\/v2\/pages\/7"}],"collection":[{"href":"https:\/\/www.ihakeramik.se\/index.php?rest_route=\/wp\/v2\/pages"}],"about":[{"href":"https:\/\/www.ihakeramik.se\/index.php?rest_route=\/wp\/v2\/types\/page"}],"author":[{"embeddable":true,"href":"https:\/\/www.ihakeramik.se\/index.php?rest_route=\/wp\/v2\/users\/1"}],"replies":[{"embeddable":true,"href":"https:\/\/www.ihakeramik.se\/index.php?rest_route=%2Fwp%2Fv2%2Fcomments&post=7"}],"version-history":[{"count":5,"href":"https:\/\/www.ihakeramik.se\/index.php?rest_route=\/wp\/v2\/pages\/7\/revisions"}],"predecessor-version":[{"id":303,"href":"https:\/\/www.ihakeramik.se\/index.php?rest_route=\/wp\/v2\/pages\/7\/revisions\/303"}],"wp:attachment":[{"href":"https:\/\/www.ihakeramik.se\/index.php?rest_route=%2Fwp%2Fv2%2Fmedia&parent=7"}],"curies":[{"name":"wp","href":"https:\/\/api.w.org\/{rel}","templated":true}]}}